{"id":3054,"date":"2020-06-17T12:11:14","date_gmt":"2020-06-17T15:11:14","guid":{"rendered":"https:\/\/2app.pro\/pt-br\/wordpress\/?page_id=3054"},"modified":"2023-04-19T17:52:33","modified_gmt":"2023-04-19T20:52:33","slug":"inicio","status":"publish","type":"page","link":"https:\/\/2app.pro\/pt-br\/","title":{"rendered":"In\u00edcio"},"content":{"rendered":"\t\t<div data-elementor-type=\"wp-page\" data-elementor-id=\"3054\" class=\"elementor elementor-3054\">\n\t\t\t\t\t\t\t\t\t<section class=\"elementor-section elementor-top-section elementor-element elementor-element-55d0db16 elementor-section-stretched elementor-section-boxed elementor-section-height-default elementor-section-height-default\" data-id=\"55d0db16\" data-element_type=\"section\" data-settings=\"{&quot;stretch_section&quot;:&quot;section-stretched&quot;,&quot;background_background&quot;:&quot;gradient&quot;}\">\n\t\t\t\t\t\t<div class=\"elementor-container elementor-column-gap-default\">\n\t\t\t\t\t<div class=\"elementor-column elementor-col-100 elementor-top-column elementor-element elementor-element-6dfada0d\" data-id=\"6dfada0d\" data-element_type=\"column\">\n\t\t\t<div class=\"elementor-widget-wrap elementor-element-populated\">\n\t\t\t\t\t\t\t\t<div class=\"elementor-element elementor-element-e8961ad elementor-widget elementor-widget-slider_revolution\" data-id=\"e8961ad\" data-element_type=\"widget\" data-widget_type=\"slider_revolution.default\">\n\t\t\t\t<div class=\"elementor-widget-container\">\n\t\t\t\n\t\t<div class=\"wp-block-themepunch-revslider\">\n\t\t\t<!-- START Slider home 10 REVOLUTION SLIDER 6.6.8 --><p class=\"rs-p-wp-fix\"><\/p>\n\t\t\t<rs-module-wrap id=\"rev_slider_13_1_wrapper\" data-source=\"gallery\" style=\"visibility:hidden;background:transparent;padding:0;margin:0px auto;margin-top:0;margin-bottom:0;\">\n\t\t\t\t<rs-module id=\"rev_slider_13_1\" style=\"\" data-version=\"6.6.8\">\n\t\t\t\t\t<rs-slides style=\"overflow: hidden; position: absolute;\">\n\t\t\t\t\t\t<rs-slide style=\"position: absolute;\" data-key=\"rs-13\" data-title=\"Slide\" data-in=\"o:0;\" data-out=\"a:false;\">\n\t\t\t\t\t\t\t<img decoding=\"async\" src=\"\/\/2app.pro\/pt-br\/wp-content\/plugins\/revslider\/public\/assets\/assets\/dummy.png\" alt=\"Slide\" title=\"In\u00edcio\" class=\"rev-slidebg tp-rs-img rs-lazyload\" data-lazyload=\"\/\/2app.pro\/pt-br\/wp-content\/plugins\/revslider\/public\/assets\/assets\/transparent.png\" data-parallax=\"off\" data-no-retina>\n<!--\n\t\t\t\t\t\t\t--><h1\n\t\t\t\t\t\t\t\tid=\"slider-13-slide-13-layer-1\" \n\t\t\t\t\t\t\t\tclass=\"rs-layer\"\n\t\t\t\t\t\t\t\tdata-type=\"text\"\n\t\t\t\t\t\t\t\tdata-rsp_ch=\"on\"\n\t\t\t\t\t\t\t\tdata-xy=\"x:c;yo:250px,164px,100px,50px;\"\n\t\t\t\t\t\t\t\tdata-text=\"w:normal;s:60,44,40,30;l:75,56,48,38;fw:600;a:center;\"\n\t\t\t\t\t\t\t\tdata-frame_0=\"y:50,32,24,14;\"\n\t\t\t\t\t\t\t\tdata-frame_1=\"e:sine.in;st:1500;sp:700;\"\n\t\t\t\t\t\t\t\tdata-frame_999=\"o:0;st:w;\"\n\t\t\t\t\t\t\t\tstyle=\"z-index:10;font-family:'Poppins';\"\n\t\t\t\t\t\t\t>Potencialize seu<br\/>atendimento ao cliente com nossas<br\/>solu\u00e7\u00f5es para Zendesk \n\t\t\t\t\t\t\t<\/h1><!--\n\n\t\t\t\t\t\t\t--><rs-layer\n\t\t\t\t\t\t\t\tid=\"slider-13-slide-13-layer-11\" \n\t\t\t\t\t\t\t\tclass=\"slider2_animate1\"\n\t\t\t\t\t\t\t\tdata-type=\"image\"\n\t\t\t\t\t\t\t\tdata-rsp_ch=\"on\"\n\t\t\t\t\t\t\t\tdata-xy=\"xo:279px,183px,139px,85px;yo:201px,131px,99px,61px;\"\n\t\t\t\t\t\t\t\tdata-text=\"w:normal;s:20,13,9,5;l:0,16,12,7;\"\n\t\t\t\t\t\t\t\tdata-dim=\"w:108px,70px,53px,32px;h:108px,70px,53px,32px;\"\n\t\t\t\t\t\t\t\tdata-frame_0=\"sX:0.9;sY:0.9;\"\n\t\t\t\t\t\t\t\tdata-frame_1=\"e:sine.in;st:400;sp:1000;\"\n\t\t\t\t\t\t\t\tdata-frame_999=\"o:0;st:w;\"\n\t\t\t\t\t\t\t\tstyle=\"z-index:11;\"\n\t\t\t\t\t\t\t><img decoding=\"async\" src=\"\/\/2app.pro\/pt-br\/wp-content\/plugins\/revslider\/public\/assets\/assets\/dummy.png\" alt=\"element64\" class=\"tp-rs-img rs-lazyload\" width=\"108\" height=\"108\" data-lazyload=\"\/\/2app.pro\/wordpress\/wp-content\/uploads\/revslider\/slider-home-2-1\/element64.png\" data-no-retina> \n\t\t\t\t\t\t\t<\/rs-layer><!--\n\n\t\t\t\t\t\t\t--><rs-layer\n\t\t\t\t\t\t\t\tid=\"slider-13-slide-13-layer-12\" \n\t\t\t\t\t\t\t\tclass=\"slider2_animate2\"\n\t\t\t\t\t\t\t\tdata-type=\"image\"\n\t\t\t\t\t\t\t\tdata-rsp_ch=\"on\"\n\t\t\t\t\t\t\t\tdata-xy=\"xo:502px,329px,249px,153px;yo:418px,274px,208px,128px;\"\n\t\t\t\t\t\t\t\tdata-text=\"w:normal;s:20,13,9,5;l:0,16,12,7;\"\n\t\t\t\t\t\t\t\tdata-dim=\"w:60px,39px,29px,17px;h:60px,39px,29px,17px;\"\n\t\t\t\t\t\t\t\tdata-frame_0=\"sX:0.9;sY:0.9;\"\n\t\t\t\t\t\t\t\tdata-frame_1=\"e:sine.in;st:400;sp:1000;\"\n\t\t\t\t\t\t\t\tdata-frame_999=\"o:0;st:w;\"\n\t\t\t\t\t\t\t\tstyle=\"z-index:12;\"\n\t\t\t\t\t\t\t><img decoding=\"async\" src=\"\/\/2app.pro\/pt-br\/wp-content\/plugins\/revslider\/public\/assets\/assets\/dummy.png\" alt=\"element65\" class=\"tp-rs-img rs-lazyload\" width=\"60\" height=\"60\" data-lazyload=\"\/\/2app.pro\/wordpress\/wp-content\/uploads\/revslider\/slider-home-2-1\/element65.png\" data-no-retina> \n\t\t\t\t\t\t\t<\/rs-layer><!--\n\n\t\t\t\t\t\t\t--><rs-layer\n\t\t\t\t\t\t\t\tid=\"slider-13-slide-13-layer-13\" \n\t\t\t\t\t\t\t\tclass=\"slider2_animate3\"\n\t\t\t\t\t\t\t\tdata-type=\"image\"\n\t\t\t\t\t\t\t\tdata-rsp_ch=\"on\"\n\t\t\t\t\t\t\t\tdata-xy=\"xo:806px,529px,401px,247px;yo:321px,210px,159px,98px;\"\n\t\t\t\t\t\t\t\tdata-text=\"w:normal;s:20,13,9,5;l:0,16,12,7;\"\n\t\t\t\t\t\t\t\tdata-dim=\"w:50px,32px,24px,14px;h:50px,32px,24px,14px;\"\n\t\t\t\t\t\t\t\tdata-frame_0=\"sX:0.9;sY:0.9;\"\n\t\t\t\t\t\t\t\tdata-frame_1=\"e:sine.in;st:400;sp:1000;\"\n\t\t\t\t\t\t\t\tdata-frame_999=\"o:0;st:w;\"\n\t\t\t\t\t\t\t\tstyle=\"z-index:13;\"\n\t\t\t\t\t\t\t><img decoding=\"async\" src=\"\/\/2app.pro\/pt-br\/wp-content\/plugins\/revslider\/public\/assets\/assets\/dummy.png\" alt=\"element66\" class=\"tp-rs-img rs-lazyload\" width=\"50\" height=\"50\" data-lazyload=\"\/\/2app.pro\/wordpress\/wp-content\/uploads\/revslider\/slider-home-2-1\/element66.png\" data-no-retina> \n\t\t\t\t\t\t\t<\/rs-layer><!--\n\n\t\t\t\t\t\t\t--><rs-layer\n\t\t\t\t\t\t\t\tid=\"slider-13-slide-13-layer-14\" \n\t\t\t\t\t\t\t\tclass=\"slider2_animate4\"\n\t\t\t\t\t\t\t\tdata-type=\"image\"\n\t\t\t\t\t\t\t\tdata-rsp_ch=\"on\"\n\t\t\t\t\t\t\t\tdata-xy=\"xo:407px,267px,202px,124px;yo:613px,402px,305px,188px;\"\n\t\t\t\t\t\t\t\tdata-text=\"w:normal;s:20,13,9,5;l:0,16,12,7;\"\n\t\t\t\t\t\t\t\tdata-dim=\"w:31px,20px,15px,9px;h:31px,20px,15px,9px;\"\n\t\t\t\t\t\t\t\tdata-frame_0=\"sX:0.9;sY:0.9;\"\n\t\t\t\t\t\t\t\tdata-frame_1=\"e:sine.in;st:400;sp:1000;\"\n\t\t\t\t\t\t\t\tdata-frame_999=\"o:0;st:w;\"\n\t\t\t\t\t\t\t\tstyle=\"z-index:14;\"\n\t\t\t\t\t\t\t><img decoding=\"async\" src=\"\/\/2app.pro\/pt-br\/wp-content\/plugins\/revslider\/public\/assets\/assets\/dummy.png\" alt=\"element67\" class=\"tp-rs-img rs-lazyload\" width=\"31\" height=\"31\" data-lazyload=\"\/\/2app.pro\/wordpress\/wp-content\/uploads\/revslider\/slider-home-2-1\/element67.png\" data-no-retina> \n\t\t\t\t\t\t\t<\/rs-layer><!--\n\n\t\t\t\t\t\t\t--><rs-layer\n\t\t\t\t\t\t\t\tid=\"slider-13-slide-13-layer-15\" \n\t\t\t\t\t\t\t\tclass=\"slider2_animate5\"\n\t\t\t\t\t\t\t\tdata-type=\"image\"\n\t\t\t\t\t\t\t\tdata-rsp_ch=\"on\"\n\t\t\t\t\t\t\t\tdata-xy=\"xo:569px,373px,283px,174px;yo:232px,152px,115px,70px;\"\n\t\t\t\t\t\t\t\tdata-text=\"w:normal;s:20,13,9,5;l:0,16,12,7;\"\n\t\t\t\t\t\t\t\tdata-dim=\"w:20px,13px,9px,5px;h:20px,13px,9px,5px;\"\n\t\t\t\t\t\t\t\tdata-frame_0=\"sX:0.9;sY:0.9;\"\n\t\t\t\t\t\t\t\tdata-frame_1=\"e:sine.in;st:400;sp:1000;\"\n\t\t\t\t\t\t\t\tdata-frame_999=\"o:0;st:w;\"\n\t\t\t\t\t\t\t\tstyle=\"z-index:15;\"\n\t\t\t\t\t\t\t><img decoding=\"async\" src=\"\/\/2app.pro\/pt-br\/wp-content\/plugins\/revslider\/public\/assets\/assets\/dummy.png\" alt=\"element68\" class=\"tp-rs-img rs-lazyload\" width=\"20\" height=\"20\" data-lazyload=\"\/\/2app.pro\/wordpress\/wp-content\/uploads\/revslider\/slider-home-2-1\/element68.png\" data-no-retina> \n\t\t\t\t\t\t\t<\/rs-layer><!--\n\n\t\t\t\t\t\t\t--><rs-layer\n\t\t\t\t\t\t\t\tid=\"slider-13-slide-13-layer-16\" \n\t\t\t\t\t\t\t\tclass=\"slider2_animate6\"\n\t\t\t\t\t\t\t\tdata-type=\"image\"\n\t\t\t\t\t\t\t\tdata-rsp_ch=\"on\"\n\t\t\t\t\t\t\t\tdata-xy=\"xo:867px,569px,432px,266px;yo:175px,114px,86px,53px;\"\n\t\t\t\t\t\t\t\tdata-text=\"w:normal;s:20,13,9,5;l:0,16,12,7;\"\n\t\t\t\t\t\t\t\tdata-dim=\"w:20px,13px,9px,5px;h:20px,13px,9px,5px;\"\n\t\t\t\t\t\t\t\tdata-frame_0=\"sX:0.9;sY:0.9;\"\n\t\t\t\t\t\t\t\tdata-frame_1=\"e:sine.in;st:400;sp:1000;\"\n\t\t\t\t\t\t\t\tdata-frame_999=\"o:0;st:w;\"\n\t\t\t\t\t\t\t\tstyle=\"z-index:16;\"\n\t\t\t\t\t\t\t><img decoding=\"async\" src=\"\/\/2app.pro\/pt-br\/wp-content\/plugins\/revslider\/public\/assets\/assets\/dummy.png\" alt=\"element68\" class=\"tp-rs-img rs-lazyload\" width=\"20\" height=\"20\" data-lazyload=\"\/\/2app.pro\/wordpress\/wp-content\/uploads\/revslider\/slider-home-2-1\/element68.png\" data-no-retina> \n\t\t\t\t\t\t\t<\/rs-layer><!--\n\n\t\t\t\t\t\t\t--><rs-layer\n\t\t\t\t\t\t\t\tid=\"slider-13-slide-13-layer-19\" \n\t\t\t\t\t\t\t\tdata-type=\"image\"\n\t\t\t\t\t\t\t\tdata-rsp_ch=\"on\"\n\t\t\t\t\t\t\t\tdata-xy=\"x:c;xo:-3px,-1px,-3px,2px;yo:520px,385px,278px,197px;\"\n\t\t\t\t\t\t\t\tdata-text=\"w:normal;s:20,13,9,5;l:0,16,12,7;\"\n\t\t\t\t\t\t\t\tdata-dim=\"w:677px,444px,337px,207px;h:583px,382px,290px,178px;\"\n\t\t\t\t\t\t\t\tdata-frame_0=\"sX:0.9;sY:0.9;\"\n\t\t\t\t\t\t\t\tdata-frame_1=\"st:2500;sp:1000;\"\n\t\t\t\t\t\t\t\tdata-frame_999=\"o:0;st:w;\"\n\t\t\t\t\t\t\t\tstyle=\"z-index:17;\"\n\t\t\t\t\t\t\t><img decoding=\"async\" src=\"\/\/2app.pro\/pt-br\/wp-content\/plugins\/revslider\/public\/assets\/assets\/dummy.png\" alt=\"illustration1\" class=\"tp-rs-img rs-lazyload\" width=\"694\" height=\"598\" data-lazyload=\"\/\/2app.pro\/wordpress\/wp-content\/uploads\/2020\/02\/illustration1.png\" data-no-retina> \n\t\t\t\t\t\t\t<\/rs-layer><!--\n\n\t\t\t\t\t\t\t--><rs-layer\n\t\t\t\t\t\t\t\tid=\"slider-13-slide-13-layer-20\" \n\t\t\t\t\t\t\t\tdata-type=\"image\"\n\t\t\t\t\t\t\t\tdata-rsp_ch=\"on\"\n\t\t\t\t\t\t\t\tdata-xy=\"xo:1092px,716px,543px,335px;yo:-59px,-38px,-28px,-17px;\"\n\t\t\t\t\t\t\t\tdata-text=\"w:normal;s:20,13,9,5;l:0,16,12,7;\"\n\t\t\t\t\t\t\t\tdata-dim=\"w:469px,307px,233px,143px;h:400px,262px,199px,122px;\"\n\t\t\t\t\t\t\t\tdata-frame_0=\"x:right;\"\n\t\t\t\t\t\t\t\tdata-frame_1=\"e:sine.in;st:1500;sp:1000;\"\n\t\t\t\t\t\t\t\tdata-frame_999=\"o:0;st:w;\"\n\t\t\t\t\t\t\t\tstyle=\"z-index:18;\"\n\t\t\t\t\t\t\t><img decoding=\"async\" src=\"\/\/2app.pro\/pt-br\/wp-content\/plugins\/revslider\/public\/assets\/assets\/dummy.png\" alt=\"right\" class=\"tp-rs-img rs-lazyload\" width=\"469\" height=\"400\" data-lazyload=\"\/\/2app.pro\/wordpress\/wp-content\/uploads\/2020\/02\/right.png\" data-no-retina> \n\t\t\t\t\t\t\t<\/rs-layer><!--\n-->\t\t\t\t\t\t<\/rs-slide>\n\t\t\t\t\t<\/rs-slides>\n\t\t\t\t<\/rs-module>\n\t\t\t\t<script>\n\t\t\t\t\tsetREVStartSize({c: 'rev_slider_13_1',rl:[1240,1024,778,480],el:[1270,920,685,450],gw:[1560,1024,778,480],gh:[1270,920,685,450],type:'standard',justify:'',layout:'fullwidth',mh:\"0\"});if (window.RS_MODULES!==undefined && window.RS_MODULES.modules!==undefined && window.RS_MODULES.modules[\"revslider131\"]!==undefined) {window.RS_MODULES.modules[\"revslider131\"].once = false;window.revapi13 = undefined;if (window.RS_MODULES.checkMinimal!==undefined) window.RS_MODULES.checkMinimal()}\n\t\t\t\t<\/script>\n\t\t\t<\/rs-module-wrap>\n\t\t\t<!-- END REVOLUTION SLIDER -->\n<\/div>\n\n\t\t\t\t<\/div>\n\t\t\t\t<\/div>\n\t\t\t\t\t<\/div>\n\t\t<\/div>\n\t\t\t\t\t\t\t<\/div>\n\t\t<\/section>\n\t\t\t\t<section class=\"elementor-section elementor-top-section elementor-element elementor-element-36499ab elementor-section-stretched elementor-section-boxed elementor-section-height-default elementor-section-height-default\" data-id=\"36499ab\" data-element_type=\"section\" data-settings=\"{&quot;stretch_section&quot;:&quot;section-stretched&quot;}\">\n\t\t\t\t\t\t<div class=\"elementor-container elementor-column-gap-default\">\n\t\t\t\t\t<div class=\"elementor-column elementor-col-100 elementor-top-column elementor-element elementor-element-49a22e35\" data-id=\"49a22e35\" data-element_type=\"column\">\n\t\t\t<div class=\"elementor-widget-wrap elementor-element-populated\">\n\t\t\t\t\t\t\t\t<div class=\"elementor-element elementor-element-59132a7 elementor-widget elementor-widget-rt-title\" data-id=\"59132a7\" data-element_type=\"widget\" data-widget_type=\"rt-title.default\">\n\t\t\t\t<div class=\"elementor-widget-container\">\n\t\t\t<div class=\"section-default-style section-title-style2 center\">\n\t<div class=\"section-title-holder no-animation\">\t\n\t\t<div class=\"translate-bottom-50 opacity-animation transition-50 transition-delay-100\">\n\t\t\t\t\t<\/div>\n\t\t<div class=\"translate-bottom-50 opacity-animation transition-50 transition-delay-600\">\n\t\t\t<h2 class=\"rtin-title\">Nossas solu\u00e7\u00f5es combinam tecnologia avan\u00e7ada e expertise em integra\u00e7\u00e3o para ajudar sua empresa a maximizar a efici\u00eancia e aprimorar a experi\u00eancia do cliente<\/h2>\n\t\t<\/div>\n\t\t<div class=\"translate-bottom-50 opacity-animation transition-50 transition-delay-1100\">\n\t\t\t\t\t<\/div>\n\t<\/div>\n<\/div>\t\t<\/div>\n\t\t\t\t<\/div>\n\t\t\t\t<div class=\"elementor-element elementor-element-7537925 custom-rt-grid elementor-widget elementor-widget-rt-service-grid\" data-id=\"7537925\" data-element_type=\"widget\" data-widget_type=\"rt-service-grid.default\">\n\t\t\t\t<div class=\"elementor-widget-container\">\n\t\t\t<div class=\"service-default service-grid-layout3\">\n\t<div class=\"row  rt-masonry-grid\">\t\n\t\t\t\t<div class=\"col-lg-4 col-md-4 col-sm-6 col-xs-12 rt-grid-item\">\n\t\t\t<div class=\"rtin-item \">\n\t\t\t\t<div class=\"rtin-content\">\n\t\t\t\t\t\t\t\t\t\t<div class=\"rtin-icon\">\n\t\t\t\t\t\t\t\t\t\t\t\t\t<span><i class=\"fa fa-star\"><\/i><\/span>\n\t\t\t\t\t\t\t\t\t\t\t<\/div>\n\t\t\t\t\t\t\t\t\t\t<h3 class=\"rtin-title\"><a href=\"https:\/\/2app.pro\/pt-br\/service\/aplicativos-no-marketplace-zendesk\/\">Aplicativos no Marketplace Zendesk<\/a><\/h3>\n\t\t\t\t\t\t\t\t\t\t\t\t\t\t\t<div class=\"rtin-read\"><a class=\"button-1\" href=\"https:\/\/2app.pro\/pt-br\/service\/aplicativos-no-marketplace-zendesk\/\">Read More<i class=\"flaticon-next\"><\/i><\/a><\/div>\n\t\t\t\t\t\t\t\t\t<\/div>\n\t\t\t<\/div>\n\t\t<\/div>\n\t\t\t\n\t\t\t\t<div class=\"col-lg-4 col-md-4 col-sm-6 col-xs-12 rt-grid-item\">\n\t\t\t<div class=\"rtin-item \">\n\t\t\t\t<div class=\"rtin-content\">\n\t\t\t\t\t\t\t\t\t\t<div class=\"rtin-icon\">\n\t\t\t\t\t\t\t\t\t\t\t\t\t<span><i class=\"flaticon-responsive-design\"><\/i><\/span>\n\t\t\t\t\t\t\t\t\t\t\t<\/div>\n\t\t\t\t\t\t\t\t\t\t<h3 class=\"rtin-title\"><a href=\"https:\/\/2app.pro\/pt-br\/service\/aplicativos-customizados\/\">Aplicativos Customizados<\/a><\/h3>\n\t\t\t\t\t\t\t\t\t\t\t\t\t\t\t<div class=\"rtin-read\"><a class=\"button-1\" href=\"https:\/\/2app.pro\/pt-br\/service\/aplicativos-customizados\/\">Read More<i class=\"flaticon-next\"><\/i><\/a><\/div>\n\t\t\t\t\t\t\t\t\t<\/div>\n\t\t\t<\/div>\n\t\t<\/div>\n\t\t\t\n\t\t\t\t<div class=\"col-lg-4 col-md-4 col-sm-6 col-xs-12 rt-grid-item\">\n\t\t\t<div class=\"rtin-item \">\n\t\t\t\t<div class=\"rtin-content\">\n\t\t\t\t\t\t\t\t\t\t<div class=\"rtin-icon\">\n\t\t\t\t\t\t\t\t\t\t\t\t\t<span><i class=\"flaticon-think\"><\/i><\/span>\n\t\t\t\t\t\t\t\t\t\t\t<\/div>\n\t\t\t\t\t\t\t\t\t\t<h3 class=\"rtin-title\"><a href=\"https:\/\/2app.pro\/pt-br\/service\/migracoes\/\">Migra\u00e7\u00f5es<\/a><\/h3>\n\t\t\t\t\t\t\t\t\t\t\t\t\t\t\t<div class=\"rtin-read\"><a class=\"button-1\" href=\"https:\/\/2app.pro\/pt-br\/service\/migracoes\/\">Read More<i class=\"flaticon-next\"><\/i><\/a><\/div>\n\t\t\t\t\t\t\t\t\t<\/div>\n\t\t\t<\/div>\n\t\t<\/div>\n\t\t\t\n\t\t\t\t<\/div>\n\t\t\t\t\t\t\t\t\t<\/div>\t\t<\/div>\n\t\t\t\t<\/div>\n\t\t\t\t\t<\/div>\n\t\t<\/div>\n\t\t\t\t\t\t\t<\/div>\n\t\t<\/section>\n\t\t\t\t<section class=\"elementor-section elementor-top-section elementor-element elementor-element-afbf340 elementor-section-boxed elementor-section-height-default elementor-section-height-default\" data-id=\"afbf340\" data-element_type=\"section\">\n\t\t\t\t\t\t<div class=\"elementor-container elementor-column-gap-default\">\n\t\t\t\t\t<div class=\"elementor-column elementor-col-100 elementor-top-column elementor-element elementor-element-9fe025a\" data-id=\"9fe025a\" data-element_type=\"column\">\n\t\t\t<div class=\"elementor-widget-wrap elementor-element-populated\">\n\t\t\t\t\t\t\t\t<div class=\"elementor-element elementor-element-fe6935f elementor-widget elementor-widget-html\" data-id=\"fe6935f\" data-element_type=\"widget\" data-widget_type=\"html.default\">\n\t\t\t\t<div class=\"elementor-widget-container\">\n\t\t\t<!-- Begin Mailchimp Signup Form -->\r\n            <link href=\"\/\/cdn-images.mailchimp.com\/embedcode\/classic-071822.css\" rel=\"stylesheet\" type=\"text\/css\">\r\n            <style type=\"text\/css\">\r\n              #mc_embed_signup{background:#fff; clear:left; width:600px; margin: 0 auto;}\r\n              \/* Add your own Mailchimp form style overrides in your site stylesheet or in this style block.\r\n                We recommend moving this block and the preceding CSS link to the HEAD of your HTML file. *\/\r\n            <\/style>\r\n            <div id=\"mc_embed_signup\">\r\n                <form action=\"https:\/\/2app.us10.list-manage.com\/subscribe\/post?u=122b2427bdb377b855c5e0d2e&amp;id=134228dc88&amp;f_id=00c0cbe5f0\" method=\"post\" id=\"mc-embedded-subscribe-form\" name=\"mc-embedded-subscribe-form\" class=\"validate\" target=\"_blank\" novalidate=\"\">\r\n                    <div id=\"mc_embed_signup_scroll\">\r\n                    <h2><i class=\"fa fa-paper-plane\"><\/i> Inscreva-se para receber todas as atualiza\u00e7\u00f5es<\/h2>\r\n                    <div class=\"indicates-required\"><span class=\"asterisk\">*<\/span> Obrigat&#243;rio<\/div>\r\n            <div class=\"mc-field-group\">\r\n              <label for=\"mce-EMAIL\">Endere\u00e7o de E-mail  <span class=\"asterisk\">*<\/span>\r\n            <\/label>\r\n              <input type=\"email\" value=\"\" name=\"EMAIL\" class=\"required email\" id=\"mce-EMAIL\" required=\"\">\r\n              <span id=\"mce-EMAIL-HELPERTEXT\" class=\"helper_text\"><\/span>\r\n            <\/div>\r\n              <div id=\"mce-responses\" class=\"clear foot\">\r\n                <div class=\"response\" id=\"mce-error-response\" style=\"display:none\"><\/div>\r\n                <div class=\"response\" id=\"mce-success-response\" style=\"display:none\"><\/div>\r\n              <\/div>    <!-- real people should not fill this in and expect good things - do not remove this or risk form bot signups-->\r\n                <div style=\"position: absolute; left: -5000px;\" aria-hidden=\"true\"><input type=\"text\" name=\"b_122b2427bdb377b855c5e0d2e_134228dc88\" tabindex=\"-1\" value=\"\"><\/div>\r\n                    <div class=\"optionalParent\">\r\n                        <div class=\"clear foot\">\r\n                            <input type=\"submit\" value=\"Inscrever\" name=\"subscribe\" id=\"mc-embedded-subscribe\" class=\"button\">\r\n                        <\/div>\r\n                    <\/div>\r\n                <\/div>\r\n            <\/form>\r\n            <\/div>\r\n            <script type=\"text\/javascript\" src=\"\/\/s3.amazonaws.com\/downloads.mailchimp.com\/js\/mc-validate.js\"><\/script><script type=\"text\/javascript\">(function($) {window.fnames = new Array(); window.ftypes = new Array();fnames[0]='EMAIL';ftypes[0]='email';fnames[1]='FNAME';ftypes[1]='text';fnames[2]='LNAME';ftypes[2]='text';fnames[3]='ADDRESS';ftypes[3]='address';fnames[4]='PHONE';ftypes[4]='phone';fnames[5]='BIRTHDAY';ftypes[5]='birthday';}(jQuery));var $mcj = jQuery.noConflict(true);<\/script>\r\n            <!--End mc_embed_signup-->\t\t<\/div>\n\t\t\t\t<\/div>\n\t\t\t\t\t<\/div>\n\t\t<\/div>\n\t\t\t\t\t\t\t<\/div>\n\t\t<\/section>\n\t\t\t\t\t\t\t<\/div>\n\t\t","protected":false},"excerpt":{"rendered":"<p>Nossas solu\u00e7\u00f5es combinam tecnologia avan\u00e7ada e expertise em integra\u00e7\u00e3o para ajudar sua empresa a maximizar a efici\u00eancia e aprimorar a experi\u00eancia do cliente Apps on the Zendesk Marketplace Read More Custom Apps Read More Migrations Read More Inscreva-se para receber todas as atualiza\u00e7\u00f5es * Obrigat&#243;rio Endere\u00e7o de E-mail *<\/p>\n","protected":false},"author":1,"featured_media":0,"parent":0,"menu_order":0,"comment_status":"closed","ping_status":"closed","template":"elementor_header_footer","meta":[],"_links":{"self":[{"href":"https:\/\/2app.pro\/pt-br\/wp-json\/wp\/v2\/pages\/3054"}],"collection":[{"href":"https:\/\/2app.pro\/pt-br\/wp-json\/wp\/v2\/pages"}],"about":[{"href":"https:\/\/2app.pro\/pt-br\/wp-json\/wp\/v2\/types\/page"}],"author":[{"embeddable":true,"href":"https:\/\/2app.pro\/pt-br\/wp-json\/wp\/v2\/users\/1"}],"replies":[{"embeddable":true,"href":"https:\/\/2app.pro\/pt-br\/wp-json\/wp\/v2\/comments?post=3054"}],"version-history":[{"count":73,"href":"https:\/\/2app.pro\/pt-br\/wp-json\/wp\/v2\/pages\/3054\/revisions"}],"predecessor-version":[{"id":4936,"href":"https:\/\/2app.pro\/pt-br\/wp-json\/wp\/v2\/pages\/3054\/revisions\/4936"}],"wp:attachment":[{"href":"https:\/\/2app.pro\/pt-br\/wp-json\/wp\/v2\/media?parent=3054"}],"curies":[{"name":"wp","href":"https:\/\/api.w.org\/{rel}","templated":true}]}}